{"id":7,"date":"2025-07-14T15:10:25","date_gmt":"2025-07-14T13:10:25","guid":{"rendered":"https:\/\/under-timing.com\/?page_id=7"},"modified":"2025-07-16T11:27:48","modified_gmt":"2025-07-16T09:27:48","slug":"7-2","status":"publish","type":"page","link":"https:\/\/under-timing.com\/","title":{"rendered":"ACCUEIL"},"content":{"rendered":"<p>[et_pb_section fb_built=\u00a0\u00bb1&Prime; admin_label=\u00a0\u00bbOur Services\u00a0\u00bb _builder_version=\u00a0\u00bb4.27.4&Prime; custom_margin=\u00a0\u00bb0px||||false|false\u00a0\u00bb custom_padding=\u00a0\u00bb10px||0px||false|false\u00a0\u00bb global_colors_info=\u00a0\u00bb{}\u00a0\u00bb][et_pb_row _builder_version=\u00a0\u00bb4.16&Prime; custom_margin=\u00a0\u00bb|||\u00a0\u00bb custom_padding=\u00a0\u00bb|||\u00a0\u00bb global_colors_info=\u00a0\u00bb{}\u00a0\u00bb][et_pb_column type=\u00a0\u00bb4_4&Prime; _builder_version=\u00a0\u00bb4.16&Prime; custom_padding=\u00a0\u00bb|||\u00a0\u00bb global_colors_info=\u00a0\u00bb{}\u00a0\u00bb custom_padding__hover=\u00a0\u00bb|||\u00a0\u00bb][et_pb_text _builder_version=\u00a0\u00bb4.27.4&Prime; text_font=\u00a0\u00bbShare Tech||||||||\u00a0\u00bb text_text_color=\u00a0\u00bbrgba(0,0,0,0.02)\u00a0\u00bb text_font_size=\u00a0\u00bb100px\u00a0\u00bb text_line_height=\u00a0\u00bb0.2em\u00a0\u00bb header_font=\u00a0\u00bb||||||||\u00a0\u00bb header_2_font=\u00a0\u00bbShare Tech||||||||\u00a0\u00bb header_2_font_size=\u00a0\u00bb48px\u00a0\u00bb header_2_line_height=\u00a0\u00bb1.4em\u00a0\u00bb text_orientation=\u00a0\u00bbcenter\u00a0\u00bb custom_margin=\u00a0\u00bb||30px||false\u00a0\u00bb custom_margin_tablet=\u00a0\u00bb||0px|\u00a0\u00bb custom_margin_phone=\u00a0\u00bb\u00a0\u00bb custom_margin_last_edited=\u00a0\u00bbon|tablet\u00a0\u00bb text_font_size_tablet=\u00a0\u00bb80px\u00a0\u00bb text_font_size_phone=\u00a0\u00bb60px\u00a0\u00bb text_font_size_last_edited=\u00a0\u00bbon|desktop\u00a0\u00bb header_2_font_size_tablet=\u00a0\u00bb\u00a0\u00bb header_2_font_size_phone=\u00a0\u00bb36px\u00a0\u00bb header_2_font_size_last_edited=\u00a0\u00bbon|phone\u00a0\u00bb global_colors_info=\u00a0\u00bb{}\u00a0\u00bb]<\/p>\n<p>SERVICES<\/p>\n<h2>Ce que l&rsquo;on fait<\/h2>\n<p>[\/et_pb_text][\/et_pb_column][\/et_pb_row][et_pb_row column_structure=\u00a0\u00bb1_3,1_3,1_3&Prime; _builder_version=\u00a0\u00bb4.16&Prime; custom_margin=\u00a0\u00bb|||\u00a0\u00bb custom_padding=\u00a0\u00bb|||\u00a0\u00bb global_colors_info=\u00a0\u00bb{}\u00a0\u00bb][et_pb_column type=\u00a0\u00bb1_3&Prime; _builder_version=\u00a0\u00bb4.16&Prime; custom_padding=\u00a0\u00bb|||\u00a0\u00bb global_colors_info=\u00a0\u00bb{}\u00a0\u00bb custom_padding__hover=\u00a0\u00bb|||\u00a0\u00bb][et_pb_blurb title=\u00a0\u00bbPlateforme d&rsquo;inscription en ligne\u00a0\u00bb image=\u00a0\u00bbhttps:\/\/under-timing.com\/wp-content\/uploads\/2025\/07\/line-icons-53.png\u00a0\u00bb _builder_version=\u00a0\u00bb4.27.4&Prime; header_font=\u00a0\u00bbShare Tech||||||||\u00a0\u00bb header_font_size=\u00a0\u00bb24px\u00a0\u00bb header_line_height=\u00a0\u00bb1.2em\u00a0\u00bb body_font=\u00a0\u00bbOpen Sans||||||||\u00a0\u00bb body_font_size=\u00a0\u00bb16px\u00a0\u00bb body_line_height=\u00a0\u00bb1.8em\u00a0\u00bb background_color=\u00a0\u00bb#7CDA24&Prime; background_layout=\u00a0\u00bbdark\u00a0\u00bb custom_padding=\u00a0\u00bb40px|30px|40px|30px|true|true\u00a0\u00bb animation_style=\u00a0\u00bbfold\u00a0\u00bb animation=\u00a0\u00bboff\u00a0\u00bb link_option_url=\u00a0\u00bbhttps:\/\/under-timing.com\/index.php\/plateforme-dinscription\/\u00a0\u00bb global_colors_info=\u00a0\u00bb{}\u00a0\u00bb background__hover_enabled=\u00a0\u00bbon|hover\u00a0\u00bb background_color__hover=\u00a0\u00bb#00871b\u00a0\u00bb background_enable_color__hover=\u00a0\u00bbon\u00a0\u00bb]<\/p>\n<p>Cr\u00e9er et personnaliser le questionnaire pour l&rsquo;inscription de vos participants.<\/p>\n<p>[\/et_pb_blurb][\/et_pb_column][et_pb_column type=\u00a0\u00bb1_3&Prime; _builder_version=\u00a0\u00bb4.16&Prime; custom_padding=\u00a0\u00bb|||\u00a0\u00bb global_colors_info=\u00a0\u00bb{}\u00a0\u00bb custom_padding__hover=\u00a0\u00bb|||\u00a0\u00bb][et_pb_blurb title=\u00a0\u00bbR\u00e9sultats en direct\u00a0\u00bb image=\u00a0\u00bbhttps:\/\/under-timing.com\/wp-content\/uploads\/2025\/07\/lifesaver_64px.png\u00a0\u00bb _builder_version=\u00a0\u00bb4.27.4&Prime; header_font=\u00a0\u00bbShare Tech||||||||\u00a0\u00bb header_font_size=\u00a0\u00bb24px\u00a0\u00bb header_line_height=\u00a0\u00bb1.2em\u00a0\u00bb body_font=\u00a0\u00bbOpen Sans||||||||\u00a0\u00bb body_font_size=\u00a0\u00bb16px\u00a0\u00bb body_line_height=\u00a0\u00bb1.8em\u00a0\u00bb background_color=\u00a0\u00bb#f1f1f1&Prime; custom_padding=\u00a0\u00bb40px|30px|40px|30px|true|true\u00a0\u00bb animation_style=\u00a0\u00bbfold\u00a0\u00bb animation_delay=\u00a0\u00bb150ms\u00a0\u00bb animation=\u00a0\u00bboff\u00a0\u00bb locked=\u00a0\u00bboff\u00a0\u00bb global_colors_info=\u00a0\u00bb{}\u00a0\u00bb background__hover_enabled=\u00a0\u00bbon|hover\u00a0\u00bb background_color__hover=\u00a0\u00bb#adadad\u00a0\u00bb background_enable_color__hover=\u00a0\u00bbon\u00a0\u00bb]<\/p>\n<p>Diffusion des r\u00e9sultats en direct sur notre site internet depuis l&rsquo;onglet \u00ab\u00a0r\u00e9sultats\u00a0\u00bb. Vous pouvez \u00e9galement consulter les r\u00e9sultats des courses termin\u00e9es.<\/p>\n<p>[\/et_pb_blurb][\/et_pb_column][et_pb_column type=\u00a0\u00bb1_3&Prime; _builder_version=\u00a0\u00bb4.16&Prime; custom_padding=\u00a0\u00bb|||\u00a0\u00bb global_colors_info=\u00a0\u00bb{}\u00a0\u00bb custom_padding__hover=\u00a0\u00bb|||\u00a0\u00bb][et_pb_blurb title=\u00a0\u00bbMat\u00e9riel de pointe \u00a0\u00bb image=\u00a0\u00bbhttps:\/\/under-timing.com\/wp-content\/uploads\/2025\/07\/layers_64px.png\u00a0\u00bb _builder_version=\u00a0\u00bb4.27.4&Prime; header_font=\u00a0\u00bbShare Tech||||||||\u00a0\u00bb header_font_size=\u00a0\u00bb24px\u00a0\u00bb header_line_height=\u00a0\u00bb1.2em\u00a0\u00bb body_font=\u00a0\u00bbOpen Sans||||||||\u00a0\u00bb body_font_size=\u00a0\u00bb16px\u00a0\u00bb body_line_height=\u00a0\u00bb1.8em\u00a0\u00bb background_color=\u00a0\u00bb#ffffff\u00a0\u00bb custom_padding=\u00a0\u00bb40px|30px|40px|30px|true|true\u00a0\u00bb animation_style=\u00a0\u00bbfold\u00a0\u00bb animation_delay=\u00a0\u00bb200ms\u00a0\u00bb animation=\u00a0\u00bboff\u00a0\u00bb link_option_url=\u00a0\u00bbhttps:\/\/under-timing.com\/index.php\/materiel-utilise\/\u00a0\u00bb border_width_all=\u00a0\u00bb1px\u00a0\u00bb border_color_all=\u00a0\u00bbrgba(21,49,78,0.17)\u00a0\u00bb locked=\u00a0\u00bboff\u00a0\u00bb global_colors_info=\u00a0\u00bb{}\u00a0\u00bb background__hover_enabled=\u00a0\u00bbon|hover\u00a0\u00bb background_color__hover=\u00a0\u00bb#ededed\u00a0\u00bb background_enable_color__hover=\u00a0\u00bbon\u00a0\u00bb]<\/p>\n<p>Nous utilisons un mat\u00e9riel de chronom\u00e9trage adapt\u00e9 \u00e0 chaque course. Que vous ayez besoin de puces actives ou passives, nous pouvons nous adapter.<\/p>\n<p>[\/et_pb_blurb][\/et_pb_column][\/et_pb_row][et_pb_row column_structure=\u00a0\u00bb1_3,1_3,1_3&Prime; _builder_version=\u00a0\u00bb4.16&Prime; custom_margin=\u00a0\u00bb|||\u00a0\u00bb custom_padding=\u00a0\u00bb|||\u00a0\u00bb global_colors_info=\u00a0\u00bb{}\u00a0\u00bb][et_pb_column type=\u00a0\u00bb1_3&Prime; _builder_version=\u00a0\u00bb4.16&Prime; custom_padding=\u00a0\u00bb|||\u00a0\u00bb global_colors_info=\u00a0\u00bb{}\u00a0\u00bb custom_padding__hover=\u00a0\u00bb|||\u00a0\u00bb][et_pb_blurb title=\u00a0\u00bbR\u00e9alisation de vos dossards\u00a0\u00bb image=\u00a0\u00bbhttps:\/\/under-timing.com\/wp-content\/uploads\/2025\/07\/global_64px.png\u00a0\u00bb _builder_version=\u00a0\u00bb4.27.4&Prime; header_font=\u00a0\u00bbShare Tech||||||||\u00a0\u00bb header_font_size=\u00a0\u00bb24px\u00a0\u00bb header_line_height=\u00a0\u00bb1.2em\u00a0\u00bb body_font=\u00a0\u00bbOpen Sans||||||||\u00a0\u00bb body_font_size=\u00a0\u00bb16px\u00a0\u00bb body_line_height=\u00a0\u00bb1.8em\u00a0\u00bb background_color=\u00a0\u00bb#ffffff\u00a0\u00bb custom_padding=\u00a0\u00bb40px|30px|40px|30px|true|true\u00a0\u00bb animation_style=\u00a0\u00bbfold\u00a0\u00bb animation_delay=\u00a0\u00bb450ms\u00a0\u00bb animation=\u00a0\u00bboff\u00a0\u00bb hover_enabled=\u00a0\u00bb0&Prime; border_width_all=\u00a0\u00bb1px\u00a0\u00bb border_color_all=\u00a0\u00bbrgba(21,49,78,0.17)\u00a0\u00bb locked=\u00a0\u00bboff\u00a0\u00bb global_colors_info=\u00a0\u00bb{}\u00a0\u00bb background__hover_enabled=\u00a0\u00bbon|hover\u00a0\u00bb background_color__hover=\u00a0\u00bb#ededed\u00a0\u00bb background_enable_color__hover=\u00a0\u00bbon\u00a0\u00bb link_option_url=\u00a0\u00bbhttps:\/\/under-timing.com\/index.php\/realisation-de-vos-dossards\/\u00a0\u00bb sticky_enabled=\u00a0\u00bb0&Prime;]<\/p>\n<p>Vous souhaitez personnaliser vos dossards ? Cela est possible ! R\u00e9alisez le design qui vous ressemble !<\/p>\n<p>[\/et_pb_blurb][\/et_pb_column][et_pb_column type=\u00a0\u00bb1_3&Prime; _builder_version=\u00a0\u00bb4.16&Prime; custom_padding=\u00a0\u00bb|||\u00a0\u00bb global_colors_info=\u00a0\u00bb{}\u00a0\u00bb custom_padding__hover=\u00a0\u00bb|||\u00a0\u00bb][et_pb_blurb title=\u00a0\u00bbGestion de votre communication\u00a0\u00bb image=\u00a0\u00bbhttps:\/\/under-timing.com\/wp-content\/uploads\/2025\/07\/line-icons-76.png\u00a0\u00bb _builder_version=\u00a0\u00bb4.27.4&Prime; header_font=\u00a0\u00bbShare Tech||||||||\u00a0\u00bb header_font_size=\u00a0\u00bb24px\u00a0\u00bb header_line_height=\u00a0\u00bb1.2em\u00a0\u00bb body_font=\u00a0\u00bbOpen Sans||||||||\u00a0\u00bb body_font_size=\u00a0\u00bb16px\u00a0\u00bb body_line_height=\u00a0\u00bb1.8em\u00a0\u00bb background_color=\u00a0\u00bb#15314e\u00a0\u00bb background_layout=\u00a0\u00bbdark\u00a0\u00bb custom_padding=\u00a0\u00bb40px|30px|40px|30px|true|true\u00a0\u00bb animation_style=\u00a0\u00bbfold\u00a0\u00bb animation_delay=\u00a0\u00bb100ms\u00a0\u00bb animation=\u00a0\u00bboff\u00a0\u00bb locked=\u00a0\u00bboff\u00a0\u00bb global_colors_info=\u00a0\u00bb{}\u00a0\u00bb background__hover_enabled=\u00a0\u00bbon|desktop\u00a0\u00bb background_color__hover=\u00a0\u00bb#000000&Prime; background_enable_color__hover=\u00a0\u00bbon\u00a0\u00bb]<\/p>\n<p>Cr\u00e9ation de vos supports de communication (affiches, flyers, &#8230;), cr\u00e9ation de votre site internet, gestion de vos r\u00e9seaux sociaux, cr\u00e9ation de votre signal\u00e9tique, &#8230;.<\/p>\n<p>[\/et_pb_blurb][\/et_pb_column][et_pb_column type=\u00a0\u00bb1_3&Prime; _builder_version=\u00a0\u00bb4.16&Prime; custom_padding=\u00a0\u00bb|||\u00a0\u00bb global_colors_info=\u00a0\u00bb{}\u00a0\u00bb custom_padding__hover=\u00a0\u00bb|||\u00a0\u00bb][et_pb_blurb title=\u00a0\u00bbD\u00e9placement en France et \u00e0 l&rsquo;\u00e9tranger\u00a0\u00bb image=\u00a0\u00bbhttps:\/\/under-timing.com\/wp-content\/uploads\/2025\/07\/line-icons-35.png\u00a0\u00bb _builder_version=\u00a0\u00bb4.27.4&Prime; header_font=\u00a0\u00bbShare Tech||||||||\u00a0\u00bb header_font_size=\u00a0\u00bb24px\u00a0\u00bb header_line_height=\u00a0\u00bb1.2em\u00a0\u00bb body_font=\u00a0\u00bbOpen Sans||||||||\u00a0\u00bb body_font_size=\u00a0\u00bb16px\u00a0\u00bb body_line_height=\u00a0\u00bb1.8em\u00a0\u00bb background_color=\u00a0\u00bb#7CDA24&Prime; background_layout=\u00a0\u00bbdark\u00a0\u00bb custom_padding=\u00a0\u00bb40px|30px|40px|30px|true|true\u00a0\u00bb animation_style=\u00a0\u00bbfold\u00a0\u00bb animation_delay=\u00a0\u00bb300ms\u00a0\u00bb animation=\u00a0\u00bboff\u00a0\u00bb locked=\u00a0\u00bboff\u00a0\u00bb global_colors_info=\u00a0\u00bb{}\u00a0\u00bb background__hover_enabled=\u00a0\u00bbon|hover\u00a0\u00bb background_color__hover=\u00a0\u00bb#00871b\u00a0\u00bb background_enable_color__hover=\u00a0\u00bbon\u00a0\u00bb]<\/p>\n<p>Pour votre \u00e9v\u00e9nement et pour vos besoins, nous pouvons vous proposez l&rsquo;ensemble de nos pr\u00e9station en France et \u00e0 l&rsquo;\u00e9tranger.<\/p>\n<p>[\/et_pb_blurb][\/et_pb_column][\/et_pb_row][\/et_pb_section][et_pb_section fb_built=\u00a0\u00bb1&Prime; fullwidth=\u00a0\u00bbon\u00a0\u00bb admin_label=\u00a0\u00bbFeature\u00a0\u00bb _builder_version=\u00a0\u00bb4.27.4&Prime; background_image=\u00a0\u00bbhttps:\/\/under-timing.com\/wp-content\/uploads\/2025\/07\/it-services-04.jpg\u00a0\u00bb parallax=\u00a0\u00bbon\u00a0\u00bb custom_margin=\u00a0\u00bb|5%||\u00a0\u00bb custom_padding=\u00a0\u00bb0px|0|0px|0px|false|false\u00a0\u00bb border_radii=\u00a0\u00bb||26vw|26vw|\u00a0\u00bb locked=\u00a0\u00bboff\u00a0\u00bb global_colors_info=\u00a0\u00bb{}\u00a0\u00bb][et_pb_fullwidth_header title=\u00a0\u00bbGestion de votre projet de A \u00e0 Z\u00a0\u00bb button_one_text=\u00a0\u00bbNous contacter\u00a0\u00bb header_image_url=\u00a0\u00bbhttps:\/\/under-timing.com\/wp-content\/uploads\/2025\/07\/it-services-03.png\u00a0\u00bb _builder_version=\u00a0\u00bb4.27.4&Prime; title_level=\u00a0\u00bbh2&Prime; title_font=\u00a0\u00bbShare Tech||||||||\u00a0\u00bb title_font_size=\u00a0\u00bb48px\u00a0\u00bb title_line_height=\u00a0\u00bb1.2em\u00a0\u00bb content_font=\u00a0\u00bbOpen Sans||||||||\u00a0\u00bb content_font_size=\u00a0\u00bb18px\u00a0\u00bb content_line_height=\u00a0\u00bb1.8em\u00a0\u00bb subhead_font=\u00a0\u00bb||||||||\u00a0\u00bb background_color=\u00a0\u00bbrgba(0,0,0,0)\u00a0\u00bb use_background_color_gradient=\u00a0\u00bbon\u00a0\u00bb background_color_gradient_direction=\u00a0\u00bb140deg\u00a0\u00bb background_color_gradient_stops=\u00a0\u00bbrgba(0,72,114,0.9) 0%|#291160 100%\u00a0\u00bb background_color_gradient_start=\u00a0\u00bbrgba(0,72,114,0.9)\u00a0\u00bb background_color_gradient_end=\u00a0\u00bb#291160&Prime; parallax=\u00a0\u00bbon\u00a0\u00bb parallax_method=\u00a0\u00bbon\u00a0\u00bb custom_button_one=\u00a0\u00bbon\u00a0\u00bb button_one_text_size=\u00a0\u00bb15px\u00a0\u00bb button_one_bg_color=\u00a0\u00bb#ffa727&Prime; button_one_border_width=\u00a0\u00bb10px\u00a0\u00bb button_one_border_color=\u00a0\u00bb#ffa727&Prime; button_one_border_radius=\u00a0\u00bb100px\u00a0\u00bb button_one_letter_spacing=\u00a0\u00bb5px\u00a0\u00bb button_one_font=\u00a0\u00bbOpen Sans|700||on|||||\u00a0\u00bb button_one_use_icon=\u00a0\u00bboff\u00a0\u00bb custom_margin=\u00a0\u00bb|||\u00a0\u00bb custom_padding=\u00a0\u00bb100px||100px||true\u00a0\u00bb custom_padding_tablet=\u00a0\u00bb|||\u00a0\u00bb custom_padding_phone=\u00a0\u00bb|||\u00a0\u00bb custom_padding_last_edited=\u00a0\u00bboff|desktop\u00a0\u00bb title_font_size_tablet=\u00a0\u00bb\u00a0\u00bb title_font_size_phone=\u00a0\u00bb36px\u00a0\u00bb title_font_size_last_edited=\u00a0\u00bbon|desktop\u00a0\u00bb content_font_size_tablet=\u00a0\u00bb\u00a0\u00bb content_font_size_phone=\u00a0\u00bb16px\u00a0\u00bb content_font_size_last_edited=\u00a0\u00bbon|phone\u00a0\u00bb button_one_text_size_last_edited=\u00a0\u00bboff|desktop\u00a0\u00bb button_two_text_size_tablet=\u00a0\u00bb\u00a0\u00bb button_two_text_size_phone=\u00a0\u00bb\u00a0\u00bb button_two_text_size_last_edited=\u00a0\u00bbon|desktop\u00a0\u00bb button_one_border_color_hover=\u00a0\u00bb#ff8a3d\u00a0\u00bb button_one_border_radius_hover=\u00a0\u00bb100px\u00a0\u00bb button_one_letter_spacing_hover=\u00a0\u00bb5px\u00a0\u00bb button_one_bg_color_hover=\u00a0\u00bb#ff8a3d\u00a0\u00bb global_colors_info=\u00a0\u00bb{}\u00a0\u00bb button_one_text_size__hover_enabled=\u00a0\u00bboff\u00a0\u00bb button_two_text_size__hover_enabled=\u00a0\u00bboff\u00a0\u00bb button_one_text_color__hover_enabled=\u00a0\u00bboff\u00a0\u00bb button_two_text_color__hover_enabled=\u00a0\u00bboff\u00a0\u00bb button_one_border_width__hover_enabled=\u00a0\u00bboff\u00a0\u00bb button_two_border_width__hover_enabled=\u00a0\u00bboff\u00a0\u00bb button_one_border_color__hover_enabled=\u00a0\u00bbon\u00a0\u00bb button_one_border_color__hover=\u00a0\u00bb#ff8a3d\u00a0\u00bb button_two_border_color__hover_enabled=\u00a0\u00bboff\u00a0\u00bb button_one_border_radius__hover_enabled=\u00a0\u00bbon\u00a0\u00bb button_one_border_radius__hover=\u00a0\u00bb100px\u00a0\u00bb button_two_border_radius__hover_enabled=\u00a0\u00bboff\u00a0\u00bb button_one_letter_spacing__hover_enabled=\u00a0\u00bbon\u00a0\u00bb button_one_letter_spacing__hover=\u00a0\u00bb5px\u00a0\u00bb button_two_letter_spacing__hover_enabled=\u00a0\u00bboff\u00a0\u00bb button_one_bg_color__hover_enabled=\u00a0\u00bbon\u00a0\u00bb button_one_bg_color__hover=\u00a0\u00bb#ff8a3d\u00a0\u00bb button_two_bg_color__hover_enabled=\u00a0\u00bboff\u00a0\u00bb]<\/p>\n<p>Espace organisateur, plateforme d&rsquo;inscription, cr\u00e9ation et personnalisation de votre questionnaire, commande et r\u00e9alisation de vos dossards, gestion de votre communication par Under Com&rsquo;, chronom\u00e9trage de votre \u00e9v\u00e9nement avec l&rsquo;utilisation de puce actives et passives.<\/p>\n<p>[\/et_pb_fullwidth_header][\/et_pb_section][et_pb_section fb_built=\u00a0\u00bb1&Prime; admin_label=\u00a0\u00bbOur Approach\u00a0\u00bb _builder_version=\u00a0\u00bb4.16&Prime; global_colors_info=\u00a0\u00bb{}\u00a0\u00bb][et_pb_row column_structure=\u00a0\u00bb1_2,1_2&Prime; _builder_version=\u00a0\u00bb4.16&Prime; global_colors_info=\u00a0\u00bb{}\u00a0\u00bb][et_pb_column type=\u00a0\u00bb1_2&Prime; _builder_version=\u00a0\u00bb4.16&Prime; custom_padding=\u00a0\u00bb|||\u00a0\u00bb global_colors_info=\u00a0\u00bb{}\u00a0\u00bb custom_padding__hover=\u00a0\u00bb|||\u00a0\u00bb][et_pb_text _builder_version=\u00a0\u00bb4.27.4&Prime; text_font=\u00a0\u00bbShare Tech||||||||\u00a0\u00bb text_text_color=\u00a0\u00bbrgba(0,0,0,0.02)\u00a0\u00bb text_font_size=\u00a0\u00bb100px\u00a0\u00bb text_line_height=\u00a0\u00bb0.2em\u00a0\u00bb header_font=\u00a0\u00bb||||||||\u00a0\u00bb header_2_font=\u00a0\u00bbShare Tech||||||||\u00a0\u00bb header_2_font_size=\u00a0\u00bb48px\u00a0\u00bb header_2_line_height=\u00a0\u00bb1.4em\u00a0\u00bb custom_margin=\u00a0\u00bb||30px||false\u00a0\u00bb custom_margin_tablet=\u00a0\u00bb||0px|\u00a0\u00bb custom_margin_phone=\u00a0\u00bb\u00a0\u00bb custom_margin_last_edited=\u00a0\u00bbon|tablet\u00a0\u00bb text_font_size_tablet=\u00a0\u00bb80px\u00a0\u00bb text_font_size_phone=\u00a0\u00bb60px\u00a0\u00bb text_font_size_last_edited=\u00a0\u00bbon|desktop\u00a0\u00bb header_2_font_size_tablet=\u00a0\u00bb\u00a0\u00bb header_2_font_size_phone=\u00a0\u00bb36px\u00a0\u00bb header_2_font_size_last_edited=\u00a0\u00bbon|phone\u00a0\u00bb global_colors_info=\u00a0\u00bb{}\u00a0\u00bb]<\/p>\n<p>Approach<\/p>\n<h2>Plateforme d&rsquo;inscription en ligne<\/h2>\n<p>[\/et_pb_text][et_pb_text _builder_version=\u00a0\u00bb4.27.4&Prime; text_font=\u00a0\u00bbOpen Sans||||||||\u00a0\u00bb text_font_size=\u00a0\u00bb16px\u00a0\u00bb text_line_height=\u00a0\u00bb1.8em\u00a0\u00bb max_width_last_edited=\u00a0\u00bboff|desktop\u00a0\u00bb global_colors_info=\u00a0\u00bb{}\u00a0\u00bb]<\/p>\n<p>Cr\u00e9er et personnaliser le questionnaire pour l&rsquo;inscription de vos participants. Ils peuvent ajouter des pi\u00e8ce jointes et leurs informations sont en s\u00e9curit\u00e9.<\/p>\n<p>[\/et_pb_text][et_pb_button button_url=\u00a0\u00bbhttps:\/\/under-timing.com\/index.php\/plateforme-dinscription\/\u00a0\u00bb button_text=\u00a0\u00bbLire plus\u00a0\u00bb _builder_version=\u00a0\u00bb4.27.4&Prime; custom_button=\u00a0\u00bbon\u00a0\u00bb button_text_size=\u00a0\u00bb15px\u00a0\u00bb button_text_color=\u00a0\u00bb#ffffff\u00a0\u00bb button_bg_color=\u00a0\u00bb#15314e\u00a0\u00bb button_bg_color_gradient_direction=\u00a0\u00bb90deg\u00a0\u00bb button_bg_color_gradient_stops=\u00a0\u00bb#ffa727 0%|#FF8A3D 100%\u00a0\u00bb button_bg_color_gradient_start=\u00a0\u00bb#ffa727&Prime; button_bg_color_gradient_end=\u00a0\u00bb#FF8A3D\u00a0\u00bb button_border_width=\u00a0\u00bb0px\u00a0\u00bb button_border_radius=\u00a0\u00bb100px\u00a0\u00bb button_letter_spacing=\u00a0\u00bb5px\u00a0\u00bb button_font=\u00a0\u00bbOpen Sans|700||on|||||\u00a0\u00bb button_use_icon=\u00a0\u00bboff\u00a0\u00bb custom_padding=\u00a0\u00bb16px|32px|16px|32px|true|true\u00a0\u00bb button_border_radius_hover=\u00a0\u00bb100px\u00a0\u00bb button_letter_spacing_hover=\u00a0\u00bb5px\u00a0\u00bb button_bg_color_hover=\u00a0\u00bb#3980f9&Prime; global_colors_info=\u00a0\u00bb{}\u00a0\u00bb button_text_size__hover_enabled=\u00a0\u00bboff\u00a0\u00bb button_one_text_size__hover_enabled=\u00a0\u00bboff\u00a0\u00bb button_two_text_size__hover_enabled=\u00a0\u00bboff\u00a0\u00bb button_text_color__hover_enabled=\u00a0\u00bboff\u00a0\u00bb button_one_text_color__hover_enabled=\u00a0\u00bboff\u00a0\u00bb button_two_text_color__hover_enabled=\u00a0\u00bboff\u00a0\u00bb button_border_width__hover_enabled=\u00a0\u00bboff\u00a0\u00bb button_one_border_width__hover_enabled=\u00a0\u00bboff\u00a0\u00bb button_two_border_width__hover_enabled=\u00a0\u00bboff\u00a0\u00bb button_border_color__hover_enabled=\u00a0\u00bboff\u00a0\u00bb button_one_border_color__hover_enabled=\u00a0\u00bboff\u00a0\u00bb button_two_border_color__hover_enabled=\u00a0\u00bboff\u00a0\u00bb button_border_radius__hover_enabled=\u00a0\u00bbon\u00a0\u00bb button_border_radius__hover=\u00a0\u00bb100px\u00a0\u00bb button_one_border_radius__hover_enabled=\u00a0\u00bboff\u00a0\u00bb button_two_border_radius__hover_enabled=\u00a0\u00bboff\u00a0\u00bb button_letter_spacing__hover_enabled=\u00a0\u00bbon\u00a0\u00bb button_letter_spacing__hover=\u00a0\u00bb5px\u00a0\u00bb button_one_letter_spacing__hover_enabled=\u00a0\u00bboff\u00a0\u00bb button_two_letter_spacing__hover_enabled=\u00a0\u00bboff\u00a0\u00bb button_bg_color__hover_enabled=\u00a0\u00bbon\u00a0\u00bb button_bg_color__hover=\u00a0\u00bb#3980f9&Prime; button_one_bg_color__hover_enabled=\u00a0\u00bboff\u00a0\u00bb button_two_bg_color__hover_enabled=\u00a0\u00bboff\u00a0\u00bb][\/et_pb_button][\/et_pb_column][et_pb_column type=\u00a0\u00bb1_2&Prime; _builder_version=\u00a0\u00bb4.16&Prime; custom_padding=\u00a0\u00bb|||\u00a0\u00bb global_colors_info=\u00a0\u00bb{}\u00a0\u00bb custom_padding__hover=\u00a0\u00bb|||\u00a0\u00bb][et_pb_image src=\u00a0\u00bbhttps:\/\/under-timing.com\/wp-content\/uploads\/2025\/07\/img-15.jpg\u00a0\u00bb align_tablet=\u00a0\u00bbcenter\u00a0\u00bb align_phone=\u00a0\u00bbcenter\u00a0\u00bb align_last_edited=\u00a0\u00bbon|desktop\u00a0\u00bb _builder_version=\u00a0\u00bb4.16&Prime; global_colors_info=\u00a0\u00bb{}\u00a0\u00bb][\/et_pb_image][\/et_pb_column][\/et_pb_row][\/et_pb_section]<\/p>\n","protected":false},"excerpt":{"rendered":"<p>SERVICES Ce que l&rsquo;on faitCr\u00e9er et personnaliser le questionnaire pour l&rsquo;inscription de vos participants.Diffusion des r\u00e9sultats en direct sur notre site internet depuis l&rsquo;onglet \u00ab\u00a0r\u00e9sultats\u00a0\u00bb. Vous pouvez \u00e9galement consulter les r\u00e9sultats des courses termin\u00e9es.Nous utilisons un mat\u00e9riel de chronom\u00e9trage adapt\u00e9 \u00e0 chaque course. Que vous ayez besoin de puces actives ou passives, nous pouvons nous [&hellip;]<\/p>\n","protected":false},"author":1,"featured_media":0,"parent":0,"menu_order":0,"comment_status":"closed","ping_status":"closed","template":"","meta":{"_et_pb_use_builder":"on","_et_pb_old_content":"","_et_gb_content_width":"","footnotes":""},"class_list":["post-7","page","type-page","status-publish","hentry"],"_links":{"self":[{"href":"https:\/\/under-timing.com\/index.php\/wp-json\/wp\/v2\/pages\/7","targetHints":{"allow":["GET"]}}],"collection":[{"href":"https:\/\/under-timing.com\/index.php\/wp-json\/wp\/v2\/pages"}],"about":[{"href":"https:\/\/under-timing.com\/index.php\/wp-json\/wp\/v2\/types\/page"}],"author":[{"embeddable":true,"href":"https:\/\/under-timing.com\/index.php\/wp-json\/wp\/v2\/users\/1"}],"replies":[{"embeddable":true,"href":"https:\/\/under-timing.com\/index.php\/wp-json\/wp\/v2\/comments?post=7"}],"version-history":[{"count":29,"href":"https:\/\/under-timing.com\/index.php\/wp-json\/wp\/v2\/pages\/7\/revisions"}],"predecessor-version":[{"id":211,"href":"https:\/\/under-timing.com\/index.php\/wp-json\/wp\/v2\/pages\/7\/revisions\/211"}],"wp:attachment":[{"href":"https:\/\/under-timing.com\/index.php\/wp-json\/wp\/v2\/media?parent=7"}],"curies":[{"name":"wp","href":"https:\/\/api.w.org\/{rel}","templated":true}]}}